{"id":156,"date":"2024-12-12T13:20:34","date_gmt":"2024-12-12T12:20:34","guid":{"rendered":"https:\/\/staging.sarahfitnessmama.de\/?page_id=156"},"modified":"2025-01-05T10:18:58","modified_gmt":"2025-01-05T09:18:58","slug":"impressum","status":"publish","type":"page","link":"https:\/\/staging.sarahfitnessmama.de\/?page_id=156","title":{"rendered":"Impressum"},"content":{"rendered":"<p><strong>Impressum<\/strong><\/p><p><strong>sarah_fitnessmama<\/strong><\/p><p>c\/o Werbung InternetMarketing und Publikations-Service<\/p><p>Philipp-K\u00fchner-Stra\u00dfe 2<\/p><p>99817 Eisenach<\/p><p>E-Mail: <strong>admin@sarahfitnessmama.de<\/strong><\/p><p>Inhaltlich Verantwortlicher nach \u00a7 55 Abs. 2 RStV: <strong>sarah_fitnessmama<\/strong><\/p><p>Angaben gem\u00e4\u00df \u00a7 5 TMG<\/p><p><strong>Kontaktaufnahme:<\/strong><\/p><p>E-Mail: <strong>admin@sarahfitnessmama.de<\/strong><\/p><p><strong>Haftungsausschluss \u2013 Disclaimer<\/strong><\/p><p><strong>Haftung f\u00fcr Inhalte<\/strong><\/p><p>Alle Inhalte unseres Internetauftritts wurden mit gr\u00f6\u00dfter Sorgfalt und nach bestem Gewissen erstellt. F\u00fcr die Richtigkeit, Vollst\u00e4ndigkeit und Aktualit\u00e4t der Inhalte k\u00f6nnen wir jedoch keine Gew\u00e4hr \u00fcbernehmen. Als Diensteanbieter sind wir gem\u00e4\u00df \u00a7 7 Abs. 1 TMG f\u00fcr eigene Inhalte auf diesen Seiten nach den allgemeinen Gesetzen verantwortlich. Nach \u00a7\u00a7 8 bis 10 TMG sind wir als Diensteanbieter jedoch nicht verpflichtet, \u00fcbermittelte oder gespeicherte fremde Informationen zu \u00fcberwachen oder nach Umst\u00e4nden zu forschen, die auf eine rechtswidrige T\u00e4tigkeit hinweisen. Verpflichtungen zur Entfernung oder Sperrung der Nutzung von Informationen nach den allgemeinen Gesetzen bleiben hiervon unber\u00fchrt.<\/p><p>Eine diesbez\u00fcgliche Haftung ist jedoch erst ab dem Zeitpunkt der Kenntniserlangung einer konkreten Rechtsverletzung m\u00f6glich. Bei Bekanntwerden von entsprechenden Rechtsverletzungen werden wir diese Inhalte unverz\u00fcglich entfernen.<\/p><p><strong>Haftungsbeschr\u00e4nkung f\u00fcr externe Links<\/strong><\/p><p>Unsere Webseite enth\u00e4lt Links zu externen Webseiten Dritter. Auf die Inhalte dieser direkt oder indirekt verlinkten Webseiten haben wir keinen Einfluss. Daher k\u00f6nnen wir f\u00fcr die \u201eexternen Links\u201c auch keine Gew\u00e4hr auf Richtigkeit der Inhalte \u00fcbernehmen. F\u00fcr die Inhalte der externen Links sind die jeweiligen Anbieter oder Betreiber (Urheber) der Seiten verantwortlich.<\/p><p>Die externen Links wurden zum Zeitpunkt der Linksetzung auf eventuelle Rechtsverst\u00f6\u00dfe \u00fcberpr\u00fcft und waren im Zeitpunkt der Linksetzung frei von rechtswidrigen Inhalten. Eine st\u00e4ndige inhaltliche \u00dcberpr\u00fcfung der externen Links ist ohne konkrete Anhaltspunkte einer Rechtsverletzung nicht m\u00f6glich. Bei direkten oder indirekten Verlinkungen auf Webseiten Dritter, die au\u00dferhalb unseres Verantwortungsbereichs liegen, w\u00fcrde eine Haftungsverpflichtung ausschlie\u00dflich in dem Fall bestehen, wenn wir von den Inhalten Kenntnis erlangen und es uns technisch m\u00f6glich und zumutbar w\u00e4re, die Nutzung im Falle rechtswidriger Inhalte zu verhindern.<\/p><p>Diese Haftungsausschlusserkl\u00e4rung gilt auch innerhalb des eigenen Internetauftritts \u201eName Ihrer Domain\u201c gesetzten Links und Verweise von Fragestellern, Blogeintr\u00e4gen, G\u00e4sten des Diskussionsforums. F\u00fcr illegale, fehlerhafte oder unvollst\u00e4ndige Inhalte und insbesondere f\u00fcr Sch\u00e4den, die aus der Nutzung oder Nichtnutzung solcherart dargestellter Informationen entstehen, haftet allein der Diensteanbieter der Seite, auf welche verwiesen wurde, nicht derjenige, der \u00fcber Links auf die jeweilige Ver\u00f6ffentlichung lediglich verweist.<\/p><p>Bei Bekanntwerden von Rechtsverletzungen werden die externen Links durch uns unverz\u00fcglich entfernt.<\/p><p><strong>Urheberrecht:<\/strong><\/p><p>Die auf unserer Website ver\u00f6ffentlichten Inhalte und Werke unterliegen dem deutschen Urheberrecht. Downloads und Kopien dieser Seite sind nur f\u00fcr den privaten und nicht kommerziellen Gebrauch erlaubt. Inhalte Dritter werden als solche gekennzeichnet. Sollten Sie trotzdem auf eine Urheberrechtsverletzung aufmerksam werden, bitten wir um einen entsprechenden Hinweis. Bei Bekanntwerden von Rechtsverletzungen werden wir derartige Inhalte unverz\u00fcglich entfernen.<\/p><p><strong>Dieses Impressum wurde freundlicherweise von <\/strong><a href=\"https:\/\/www.jurarat.de\"><strong>jurarat.de<\/strong><\/a><strong> zur Verf\u00fcgung gestellt.<\/strong><\/p>","protected":false},"excerpt":{"rendered":"<p>Impressum sarah_fitnessmama c\/o Werbung InternetMarketing und Publikations-Service Philipp-K\u00fchner-Stra\u00dfe 2 99817 Eisenach E-Mail: admin@sarahfitnessmama.de Inhaltlich Verantwortlicher nach \u00a7 55 Abs. 2 RStV: sarah_fitnessmama Angaben gem\u00e4\u00df \u00a7 5 TMG Kontaktaufnahme: E-Mail: admin@sarahfitnessmama.de Haftungsausschluss \u2013 Disclaimer Haftung f\u00fcr Inhalte Alle Inhalte unseres Internetauftritts wurden mit gr\u00f6\u00dfter Sorgfalt und nach bestem Gewissen erstellt. F\u00fcr die Richtigkeit, Vollst\u00e4ndigkeit und Aktualit\u00e4t [&hellip;]<\/p>\n","protected":false},"author":1,"featured_media":0,"parent":0,"menu_order":0,"comment_status":"closed","ping_status":"closed","template":"","meta":{"footnotes":""},"class_list":["post-156","page","type-page","status-publish","hentry"],"_links":{"self":[{"href":"https:\/\/staging.sarahfitnessmama.de\/index.php?rest_route=\/wp\/v2\/pages\/156","targetHints":{"allow":["GET"]}}],"collection":[{"href":"https:\/\/staging.sarahfitnessmama.de\/index.php?rest_route=\/wp\/v2\/pages"}],"about":[{"href":"https:\/\/staging.sarahfitnessmama.de\/index.php?rest_route=\/wp\/v2\/types\/page"}],"author":[{"embeddable":true,"href":"https:\/\/staging.sarahfitnessmama.de\/index.php?rest_route=\/wp\/v2\/users\/1"}],"replies":[{"embeddable":true,"href":"https:\/\/staging.sarahfitnessmama.de\/index.php?rest_route=%2Fwp%2Fv2%2Fcomments&post=156"}],"version-history":[{"count":2,"href":"https:\/\/staging.sarahfitnessmama.de\/index.php?rest_route=\/wp\/v2\/pages\/156\/revisions"}],"predecessor-version":[{"id":1865,"href":"https:\/\/staging.sarahfitnessmama.de\/index.php?rest_route=\/wp\/v2\/pages\/156\/revisions\/1865"}],"wp:attachment":[{"href":"https:\/\/staging.sarahfitnessmama.de\/index.php?rest_route=%2Fwp%2Fv2%2Fmedia&parent=156"}],"curies":[{"name":"wp","href":"https:\/\/api.w.org\/{rel}","templated":true}]}}